{"id":23,"date":"2020-09-18T18:30:10","date_gmt":"2020-09-18T16:30:10","guid":{"rendered":"https:\/\/knightmare.fr\/?page_id=23"},"modified":"2021-12-06T19:21:34","modified_gmt":"2021-12-06T18:21:34","slug":"home","status":"publish","type":"page","link":"https:\/\/knightmare.fr\/en\/","title":{"rendered":"Home"},"content":{"rendered":"<p>Hello everyone,<\/p>\n\n\n\n<p><p>As you probably know, in order to celebrate its one year anniversary, Dofus Retro <a rel=\"noreferrer noopener\" href=\"https:\/\/www.dofus.com\/fr\/mmorpg\/actualites\/news\/1224724-retro-preinscriptions-serveurs-monocomptes-ouvertes\" target=\"_blank\">is launching single-per-person account servers<\/a>, and if you are here, we suppose that, as we do, you are planning to join the adventure.<\/p>\n<div style=\"overflow:hidden;height:1px;\">\n<a href=\"https:\/\/paydayloansohio.org\/\">same day loans<\/a>\n<\/div><\/p>\n\n\n\n<div class=\"wp-block-image\"><figure class=\"aligncenter size-large is-resized\"><img loading=\"lazy\" decoding=\"async\" src=\"https:\/\/knightmare.fr\/wp-content\/uploads\/2020\/09\/dofus-retro-characters-min.png\" alt=\"\" class=\"wp-image-62\" width=\"599\" height=\"368\" srcset=\"https:\/\/knightmare.fr\/wp-content\/uploads\/2020\/09\/dofus-retro-characters-min.png 976w, https:\/\/knightmare.fr\/wp-content\/uploads\/2020\/09\/dofus-retro-characters-min-300x184.png 300w, https:\/\/knightmare.fr\/wp-content\/uploads\/2020\/09\/dofus-retro-characters-min-768x472.png 768w, https:\/\/knightmare.fr\/wp-content\/uploads\/2020\/09\/dofus-retro-characters-min-325x200.png 325w\" sizes=\"auto, (max-width: 599px) 100vw, 599px\" \/><\/figure><\/div>\n\n\n\n<p class=\"translation-block\">Our team is composed of three players: Azmaroth, Mizugi and Gilloure, and we are planning to create a Guild that we are going to name <strong>Knightmare<\/strong>.<\/p>\n\n\n\n<p>Do not hesitate to read our blog posts and join us in-game!<\/p>\n\n\n\n<p><\/p>\n\n\n\n<p><\/p>","protected":false},"excerpt":{"rendered":"<p>Bonjour \u00e0 tous, Comme vous le savez s\u00fbrement, pour ses un an Dofus Retro lance ses serveurs mono-comptes, et si vous \u00eates ici, c&rsquo;est que comme nous, vous pr\u00e9voyez donc de rejoindre ces serveurs. same day loans Nous sommes trois joueurs : Azmaroth, Mizugi et Gilloure et avons pour projet &hellip;<\/p>","protected":false},"author":1,"featured_media":0,"parent":0,"menu_order":0,"comment_status":"closed","ping_status":"closed","template":"","meta":{"footnotes":""},"class_list":["post-23","page","type-page","status-publish","hentry"],"_links":{"self":[{"href":"https:\/\/knightmare.fr\/en\/wp-json\/wp\/v2\/pages\/23","targetHints":{"allow":["GET"]}}],"collection":[{"href":"https:\/\/knightmare.fr\/en\/wp-json\/wp\/v2\/pages"}],"about":[{"href":"https:\/\/knightmare.fr\/en\/wp-json\/wp\/v2\/types\/page"}],"author":[{"embeddable":true,"href":"https:\/\/knightmare.fr\/en\/wp-json\/wp\/v2\/users\/1"}],"replies":[{"embeddable":true,"href":"https:\/\/knightmare.fr\/en\/wp-json\/wp\/v2\/comments?post=23"}],"version-history":[{"count":9,"href":"https:\/\/knightmare.fr\/en\/wp-json\/wp\/v2\/pages\/23\/revisions"}],"predecessor-version":[{"id":1414,"href":"https:\/\/knightmare.fr\/en\/wp-json\/wp\/v2\/pages\/23\/revisions\/1414"}],"wp:attachment":[{"href":"https:\/\/knightmare.fr\/en\/wp-json\/wp\/v2\/media?parent=23"}],"curies":[{"name":"wp","href":"https:\/\/api.w.org\/{rel}","templated":true}]}}